{"id":3259,"date":"2024-05-12T19:16:04","date_gmt":"2024-05-12T19:16:04","guid":{"rendered":"https:\/\/fgm-sa.com\/?page_id=3259"},"modified":"2024-07-04T17:52:00","modified_gmt":"2024-07-04T17:52:00","slug":"create-an-account","status":"publish","type":"page","link":"https:\/\/fgm-sa.com\/fr\/create-an-account\/","title":{"rendered":"Create an account"},"content":{"rendered":"<div data-elementor-type=\"wp-page\" data-elementor-id=\"3259\" class=\"elementor elementor-3259\" data-elementor-post-type=\"page\">\n\t\t\t\t<div data-particle_enable=\"false\" data-particle-mobile-disabled=\"false\" class=\"elementor-element elementor-element-b7ec547 e-flex e-con-boxed e-con e-parent\" data-id=\"b7ec547\" data-element_type=\"container\" data-settings=\"{&quot;background_background&quot;:&quot;classic&quot;,&quot;ekit_has_onepagescroll_dot&quot;:&quot;yes&quot;}\">\n\t\t\t\t\t<div class=\"e-con-inner\">\n\t\t<div data-particle_enable=\"false\" data-particle-mobile-disabled=\"false\" class=\"elementor-element elementor-element-4dd2bd3 e-con-full elementor-hidden-mobile e-flex e-con e-child\" data-id=\"4dd2bd3\" data-element_type=\"container\" data-settings=\"{&quot;ekit_has_onepagescroll_dot&quot;:&quot;yes&quot;}\">\n\t\t\t\t<\/div>\n\t\t<div data-particle_enable=\"false\" data-particle-mobile-disabled=\"false\" class=\"elementor-element elementor-element-10c583d e-con-full e-flex e-con e-child\" data-id=\"10c583d\" data-element_type=\"container\" data-settings=\"{&quot;background_background&quot;:&quot;classic&quot;,&quot;ekit_has_onepagescroll_dot&quot;:&quot;yes&quot;}\">\n\t\t\t\t<div class=\"elementor-element elementor-element-658ab61 elementor-view-stacked elementor-shape-circle elementor-widget elementor-widget-icon\" data-id=\"658ab61\" data-element_type=\"widget\" data-settings=\"{&quot;ekit_we_effect_on&quot;:&quot;none&quot;}\" data-widget_type=\"icon.default\">\n\t\t\t\t<div class=\"elementor-widget-container\">\n\t\t\t\t\t\t\t<div class=\"elementor-icon-wrapper\">\n\t\t\t<div class=\"elementor-icon\">\n\t\t\t<svg aria-hidden=\"true\" class=\"e-font-icon-svg e-fab-expeditedssl\" viewbox=\"0 0 496 512\" xmlns=\"http:\/\/www.w3.org\/2000\/svg\"><path d=\"M248 43.4C130.6 43.4 35.4 138.6 35.4 256S130.6 468.6 248 468.6 460.6 373.4 460.6 256 365.4 43.4 248 43.4zm-97.4 132.9c0-53.7 43.7-97.4 97.4-97.4s97.4 43.7 97.4 97.4v26.6c0 5-3.9 8.9-8.9 8.9h-17.7c-5 0-8.9-3.9-8.9-8.9v-26.6c0-82.1-124-82.1-124 0v26.6c0 5-3.9 8.9-8.9 8.9h-17.7c-5 0-8.9-3.9-8.9-8.9v-26.6zM389.7 380c0 9.7-8 17.7-17.7 17.7H124c-9.7 0-17.7-8-17.7-17.7V238.3c0-9.7 8-17.7 17.7-17.7h248c9.7 0 17.7 8 17.7 17.7V380zm-248-137.3v132.9c0 2.5-1.9 4.4-4.4 4.4h-8.9c-2.5 0-4.4-1.9-4.4-4.4V242.7c0-2.5 1.9-4.4 4.4-4.4h8.9c2.5 0 4.4 1.9 4.4 4.4zm141.7 48.7c0 13-7.2 24.4-17.7 30.4v31.6c0 5-3.9 8.9-8.9 8.9h-17.7c-5 0-8.9-3.9-8.9-8.9v-31.6c-10.5-6.1-17.7-17.4-17.7-30.4 0-19.7 15.8-35.4 35.4-35.4s35.5 15.8 35.5 35.4zM248 8C111 8 0 119 0 256s111 248 248 248 248-111 248-248S385 8 248 8zm0 478.3C121 486.3 17.7 383 17.7 256S121 25.7 248 25.7 478.3 129 478.3 256 375 486.3 248 486.3z\"><\/path><\/svg>\t\t\t<\/div>\n\t\t<\/div>\n\t\t\t\t\t\t<\/div>\n\t\t\t\t<\/div>\n\t\t\t\t<div class=\"elementor-element elementor-element-c200ca5 elementor-widget elementor-widget-heading\" data-id=\"c200ca5\" data-element_type=\"widget\" data-settings=\"{&quot;ekit_we_effect_on&quot;:&quot;none&quot;}\" data-widget_type=\"heading.default\">\n\t\t\t\t<div class=\"elementor-widget-container\">\n\t\t\t\t\t<h2 class=\"elementor-heading-title elementor-size-default\">\u0625\u0633\u062a\u0646\u0645\u0627\u0631\u0629 \u0627\u0644\u062a\u0633\u062c\u064a\u0644<\/h2>\t\t\t\t<\/div>\n\t\t\t\t<\/div>\n\t\t\t\t<div class=\"elementor-element elementor-element-4a227cd elementor-button-align-stretch elementor-widget elementor-widget-form\" data-id=\"4a227cd\" data-element_type=\"widget\" data-settings=\"{&quot;step_next_label&quot;:&quot;\\u0627\\u0644\\u062a\\u0627\\u0644\\u064a &quot;,&quot;step_previous_label&quot;:&quot;\\u0631\\u062c\\u0648\\u0639 &quot;,&quot;button_width&quot;:&quot;100&quot;,&quot;step_type&quot;:&quot;number_text&quot;,&quot;step_icon_shape&quot;:&quot;circle&quot;,&quot;ekit_we_effect_on&quot;:&quot;none&quot;}\" data-widget_type=\"form.default\">\n\t\t\t\t<div class=\"elementor-widget-container\">\n\t\t\t\t\t\t\t<form class=\"elementor-form\" method=\"post\" name=\"New Form\" action=\"\">\n\t\t\t<input type=\"hidden\" name=\"post_id\" value=\"3259\"\/>\n\t\t\t<input type=\"hidden\" name=\"form_id\" value=\"4a227cd\"\/>\n\t\t\t<input type=\"hidden\" name=\"referer_title\" value=\"\" \/>\n\n\t\t\t\n\t\t\t<div class=\"elementor-form-fields-wrapper elementor-labels-above\">\n\t\t\t\t\t\t\t\t<div class=\"elementor-field-type-step elementor-field-group elementor-column elementor-field-group-field_ff486a0 elementor-col-100\">\n\t\t\t\t\t\t\t<div class=\"e-field-step elementor-hidden\" data-label=\"\u0627\u0644\u0645\u0639\u0644\u0648\u0645\u0627\u062a\" data-previousbutton=\"\" data-nextbutton=\"\" data-iconurl=\"\" data-iconlibrary=\"fas fa-star\" data-icon=\"&lt;svg class=&quot;e-font-icon-svg e-fas-star&quot; viewBox=&quot;0 0 576 512&quot; xmlns=&quot;http:\/\/www.w3.org\/2000\/svg&quot;&gt;&lt;path d=&quot;M259.3 17.8L194 150.2 47.9 171.5c-26.2 3.8-36.7 36.1-17.7 54.6l105.7 103-25 145.5c-4.5 26.3 23.2 46 46.4 33.7L288 439.6l130.7 68.7c23.2 12.2 50.9-7.4 46.4-33.7l-25-145.5 105.7-103c19-18.5 8.5-50.8-17.7-54.6L382 150.2 316.7 17.8c-11.7-23.6-45.6-23.9-57.4 0z&quot;&gt;&lt;\/path&gt;&lt;\/svg&gt;\" ><\/div>\n\n\t\t\t\t\t\t<\/div>\n\t\t\t\t\t\t\t\t<div class=\"elementor-field-type-text elementor-field-group elementor-column elementor-field-group-field_d6147dc elementor-col-100 elementor-field-required elementor-mark-required\">\n\t\t\t\t\t\t\t\t\t\t\t\t<label for=\"form-field-field_d6147dc\" class=\"elementor-field-label\">\n\t\t\t\t\t\t\t\tNom et pr\u00e9nom\t\t\t\t\t\t\t<\/label>\n\t\t\t\t\t\t\t\t\t\t\t\t\t\t<input size=\"1\" type=\"text\" name=\"form_fields[field_d6147dc]\" id=\"form-field-field_d6147dc\" class=\"elementor-field elementor-size-sm  elementor-field-textual\" required=\"required\" aria-required=\"true\">\n\t\t\t\t\t\t\t\t\t\t\t<\/div>\n\t\t\t\t\t\t\t\t<div class=\"elementor-field-type-email elementor-field-group elementor-column elementor-field-group-email elementor-col-100 elementor-field-required elementor-mark-required\">\n\t\t\t\t\t\t\t\t\t\t\t\t<label for=\"form-field-email\" class=\"elementor-field-label\">\n\t\t\t\t\t\t\t\tEMAIL\t\t\t\t\t\t\t<\/label>\n\t\t\t\t\t\t\t\t\t\t\t\t\t\t<input size=\"1\" type=\"email\" name=\"form_fields[email]\" id=\"form-field-email\" class=\"elementor-field elementor-size-sm  elementor-field-textual\" required=\"required\" aria-required=\"true\">\n\t\t\t\t\t\t\t\t\t\t\t<\/div>\n\t\t\t\t\t\t\t\t<div class=\"elementor-field-type-number elementor-field-group elementor-column elementor-field-group-field_68401d1 elementor-col-100 elementor-field-required elementor-mark-required\">\n\t\t\t\t\t\t\t\t\t\t\t\t<label for=\"form-field-field_68401d1\" class=\"elementor-field-label\">\n\t\t\t\t\t\t\t\tNum\u00e9ro de t\u00e9l\u00e9phone\t\t\t\t\t\t\t<\/label>\n\t\t\t\t\t\t\t\t\t<input type=\"number\" name=\"form_fields[field_68401d1]\" id=\"form-field-field_68401d1\" class=\"elementor-field elementor-size-sm  elementor-field-textual\" required=\"required\" aria-required=\"true\" min=\"\" max=\"\" >\n\t\t\t\t\t\t<\/div>\n\t\t\t\t\t\t\t\t<div class=\"elementor-field-type-step elementor-field-group elementor-column elementor-field-group-name elementor-col-100\">\n\t\t\t\t\t\t\t<div class=\"e-field-step elementor-hidden\" data-label=\"\u0627\u0644\u062a\u0623\u0643\u064a\u062f \" data-previousbutton=\"\" data-nextbutton=\"\u0627\u0644\u062a\u0623\u0643\u064a\u062f\" data-iconurl=\"\" data-iconlibrary=\"icon icon-next\" data-icon=\"&lt;i class=&quot;icon icon-next&quot;&gt;&lt;\/i&gt;\" ><\/div>\n\n\t\t\t\t\t\t<\/div>\n\t\t\t\t\t\t\t\t<div class=\"elementor-field-type-upload elementor-field-group elementor-column elementor-field-group-field_584ec4f elementor-col-100 elementor-field-required elementor-mark-required\">\n\t\t\t\t\t\t\t\t\t\t\t\t<label for=\"form-field-field_584ec4f\" class=\"elementor-field-label\">\n\t\t\t\t\t\t\t\tCopie de Carte d'identit\u00e9 \t\t\t\t\t\t\t<\/label>\n\t\t\t\t\t\t\t\t<input type=\"file\" name=\"form_fields[field_584ec4f]\" id=\"form-field-field_584ec4f\" class=\"elementor-field elementor-size-sm  elementor-upload-field\" required=\"required\" aria-required=\"true\">\n\n\t\t\t\t\t\t<\/div>\n\t\t\t\t\t\t\t\t<div class=\"elementor-field-type-password elementor-field-group elementor-column elementor-field-group-field_28e6b14 elementor-col-100 elementor-field-required elementor-mark-required\">\n\t\t\t\t\t\t\t\t\t\t\t\t<label for=\"form-field-field_28e6b14\" class=\"elementor-field-label\">\n\t\t\t\t\t\t\t\t\u0643\u0644\u0645\u0629 \u0627\u0644\u0645\u0631\u0648\u0631 \t\t\t\t\t\t\t<\/label>\n\t\t\t\t\t\t\t\t\t\t\t\t\t\t<input size=\"1\" type=\"password\" name=\"form_fields[field_28e6b14]\" id=\"form-field-field_28e6b14\" class=\"elementor-field elementor-size-sm  elementor-field-textual\" required=\"required\" aria-required=\"true\">\n\t\t\t\t\t\t\t\t\t\t\t<\/div>\n\t\t\t\t\t\t\t\t<div class=\"elementor-field-type-textarea elementor-field-group elementor-column elementor-field-group-field_beb6c2d elementor-col-100\">\n\t\t\t\t\t\t\t\t\t\t\t\t<label for=\"form-field-field_beb6c2d\" class=\"elementor-field-label\">\n\t\t\t\t\t\t\t\tMessage\t\t\t\t\t\t\t<\/label>\n\t\t\t\t\t\t<textarea class=\"elementor-field-textual elementor-field  elementor-size-sm\" name=\"form_fields[field_beb6c2d]\" id=\"form-field-field_beb6c2d\" rows=\"2\" placeholder=\"\u0627\u062e\u062a\u064a\u0627\u0631\u064a\"><\/textarea>\t\t\t\t<\/div>\n\t\t\t\t\t\t\t\t<div class=\"elementor-field-group elementor-column elementor-field-type-submit elementor-col-100 e-form__buttons\">\n\t\t\t\t\t<button type=\"submit\" class=\"elementor-button elementor-size-sm\">\n\t\t\t\t\t\t<span >\n\t\t\t\t\t\t\t\t\t\t\t\t\t\t\t<span class=\"elementor-align-icon-left elementor-button-icon\">\n\t\t\t\t\t\t\t\t\t<i aria-hidden=\"true\" class=\"icon icon-checked\"><\/i>\t\t\t\t\t\t\t\t\t\t\t\t\t\t\t\t\t<\/span>\n\t\t\t\t\t\t\t\t\t\t\t\t\t\t\t\t\t\t\t\t\t\t<span class=\"elementor-button-text\">\u0627\u0644\u062a\u0623\u0643\u064a\u062f<\/span>\n\t\t\t\t\t\t\t\t\t\t\t\t\t<\/span>\n\t\t\t\t\t<\/button>\n\t\t\t\t<\/div>\n\t\t\t<\/div>\n\t\t<input type=\"hidden\" name=\"trp-form-language\" value=\"fr\"\/><\/form>\n\t\t\t\t\t\t<\/div>\n\t\t\t\t<\/div>\n\t\t\t\t<\/div>\n\t\t<div data-particle_enable=\"false\" data-particle-mobile-disabled=\"false\" class=\"elementor-element elementor-element-90773d9 e-con-full e-flex e-con e-child\" data-id=\"90773d9\" data-element_type=\"container\" data-settings=\"{&quot;ekit_has_onepagescroll_dot&quot;:&quot;yes&quot;}\">\n\t\t\t\t<\/div>\n\t\t\t\t\t<\/div>\n\t\t\t\t<\/div>\n\t\t\t\t<\/div>","protected":false},"excerpt":{"rendered":"<p>\u0625\u0633\u062a\u0646\u0645\u0627\u0631\u0629 \u0627\u0644\u062a\u0633\u062c\u064a\u0644<\/p>","protected":false},"author":1,"featured_media":0,"parent":0,"menu_order":0,"comment_status":"closed","ping_status":"closed","template":"","meta":{"_eb_attr":"","footnotes":""},"class_list":["post-3259","page","type-page","status-publish","hentry"],"blocksy_meta":[],"_links":{"self":[{"href":"https:\/\/fgm-sa.com\/fr\/wp-json\/wp\/v2\/pages\/3259","targetHints":{"allow":["GET"]}}],"collection":[{"href":"https:\/\/fgm-sa.com\/fr\/wp-json\/wp\/v2\/pages"}],"about":[{"href":"https:\/\/fgm-sa.com\/fr\/wp-json\/wp\/v2\/types\/page"}],"author":[{"embeddable":true,"href":"https:\/\/fgm-sa.com\/fr\/wp-json\/wp\/v2\/users\/1"}],"replies":[{"embeddable":true,"href":"https:\/\/fgm-sa.com\/fr\/wp-json\/wp\/v2\/comments?post=3259"}],"version-history":[{"count":61,"href":"https:\/\/fgm-sa.com\/fr\/wp-json\/wp\/v2\/pages\/3259\/revisions"}],"predecessor-version":[{"id":4571,"href":"https:\/\/fgm-sa.com\/fr\/wp-json\/wp\/v2\/pages\/3259\/revisions\/4571"}],"wp:attachment":[{"href":"https:\/\/fgm-sa.com\/fr\/wp-json\/wp\/v2\/media?parent=3259"}],"curies":[{"name":"wp","href":"https:\/\/api.w.org\/{rel}","templated":true}]}}