{"id":1922,"date":"2024-03-09T20:12:30","date_gmt":"2024-03-09T20:12:30","guid":{"rendered":"https:\/\/fgm-sa.com\/?page_id=1922"},"modified":"2025-06-02T21:04:50","modified_gmt":"2025-06-02T21:04:50","slug":"board-of-directors","status":"publish","type":"page","link":"https:\/\/fgm-sa.com\/fr\/board-of-directors\/","title":{"rendered":"Le conseil d'administration"},"content":{"rendered":"<div data-elementor-type=\"wp-page\" data-elementor-id=\"1922\" class=\"elementor elementor-1922\" data-elementor-post-type=\"page\">\n\t\t\t\t<div data-particle_enable=\"false\" data-particle-mobile-disabled=\"false\" class=\"elementor-element elementor-element-06db858 e-flex e-con-boxed e-con e-parent\" data-id=\"06db858\" data-element_type=\"container\" data-settings=\"{&quot;background_background&quot;:&quot;classic&quot;,&quot;ekit_has_onepagescroll_dot&quot;:&quot;yes&quot;}\">\n\t\t\t\t\t<div class=\"e-con-inner\">\n\t\t<div data-particle_enable=\"false\" data-particle-mobile-disabled=\"false\" class=\"elementor-element elementor-element-b98b519 e-con-full e-flex e-con e-child\" data-id=\"b98b519\" data-element_type=\"container\" data-settings=\"{&quot;ekit_has_onepagescroll_dot&quot;:&quot;yes&quot;}\">\n\t\t\t\t<\/div>\n\t\t<div data-particle_enable=\"false\" data-particle-mobile-disabled=\"false\" class=\"elementor-element elementor-element-da967ae e-con-full e-flex e-con e-child\" data-id=\"da967ae\" data-element_type=\"container\" data-settings=\"{&quot;ekit_has_onepagescroll_dot&quot;:&quot;yes&quot;}\">\n\t\t\t\t<div class=\"elementor-element elementor-element-d4b6a50 elementor-widget elementor-widget-image\" data-id=\"d4b6a50\" data-element_type=\"widget\" data-settings=\"{&quot;ekit_we_effect_on&quot;:&quot;none&quot;}\" data-widget_type=\"image.default\">\n\t\t\t\t<div class=\"elementor-widget-container\">\n\t\t\t\t\t\t\t\t\t\t\t\t\t\t\t<img fetchpriority=\"high\" decoding=\"async\" width=\"300\" height=\"300\" src=\"https:\/\/fgm-sa.com\/wp-content\/uploads\/2024\/05\/\u0646\u0633\u062e\u0629-\u0645\u0646-sm-300x300-1.webp\" class=\"attachment-large size-large wp-image-3110\" alt=\"\" srcset=\"https:\/\/fgm-sa.com\/wp-content\/uploads\/2024\/05\/\u0646\u0633\u062e\u0629-\u0645\u0646-sm-300x300-1.webp 300w, https:\/\/fgm-sa.com\/wp-content\/uploads\/2024\/05\/\u0646\u0633\u062e\u0629-\u0645\u0646-sm-300x300-1-150x150.webp 150w\" sizes=\"(max-width: 300px) 100vw, 300px\" \/>\t\t\t\t\t\t\t\t\t\t\t\t\t\t\t<\/div>\n\t\t\t\t<\/div>\n\t\t\t\t<div class=\"elementor-element elementor-element-ec5f710 elementor-widget elementor-widget-heading\" data-id=\"ec5f710\" data-element_type=\"widget\" data-settings=\"{&quot;ekit_we_effect_on&quot;:&quot;none&quot;}\" data-widget_type=\"heading.default\">\n\t\t\t\t<div class=\"elementor-widget-container\">\n\t\t\t\t\t<h2 class=\"elementor-heading-title elementor-size-default\">Le Conseil d'Administration du Fonds de Garantie Mauritanien<\/h2>\t\t\t\t<\/div>\n\t\t\t\t<\/div>\n\t\t\t\t<div class=\"elementor-element elementor-element-38075e5 elementor-widget elementor-widget-text-editor\" data-id=\"38075e5\" data-element_type=\"widget\" data-settings=\"{&quot;ekit_we_effect_on&quot;:&quot;none&quot;}\" data-widget_type=\"text-editor.default\">\n\t\t\t\t<div class=\"elementor-widget-container\">\n\t\t\t\t\t\t\t\t\t<p class=\"p1\" dir=\"rtl\">Le Conseil d'Administration du Fonds de Garantie Mauritanien est l'organe supr\u00eame du fonds. Il supervise la nomination du Directeur G\u00e9n\u00e9ral ainsi que des comit\u00e9s du fonds. Il approuve \u00e9galement son budget<span class=\"s1\">.<\/span><\/p>\t\t\t\t\t\t\t\t<\/div>\n\t\t\t\t<\/div>\n\t\t\t\t<div class=\"elementor-element elementor-element-fc9637a elementor-widget-divider--view-line elementor-widget elementor-widget-divider\" data-id=\"fc9637a\" data-element_type=\"widget\" data-settings=\"{&quot;ekit_we_effect_on&quot;:&quot;none&quot;}\" data-widget_type=\"divider.default\">\n\t\t\t\t<div class=\"elementor-widget-container\">\n\t\t\t\t\t\t\t<div class=\"elementor-divider\">\n\t\t\t<span class=\"elementor-divider-separator\">\n\t\t\t\t\t\t<\/span>\n\t\t<\/div>\n\t\t\t\t\t\t<\/div>\n\t\t\t\t<\/div>\n\t\t\t\t<div class=\"elementor-element elementor-element-304df52 elementor-widget elementor-widget-text-editor\" data-id=\"304df52\" data-element_type=\"widget\" data-settings=\"{&quot;ekit_we_effect_on&quot;:&quot;none&quot;}\" data-widget_type=\"text-editor.default\">\n\t\t\t\t<div class=\"elementor-widget-container\">\n\t\t\t\t\t\t\t\t\t<p class=\"p1\" dir=\"rtl\">Il est pr\u00e9sid\u00e9 par le Secr\u00e9taire G\u00e9n\u00e9ral du Minist\u00e8re des Finances, M. : <strong>Diallo Mamadou Abdou Ellah<\/strong> Le Conseil d'Administration du Fonds de Garantie Mauritanien est compos\u00e9 de :<\/p>\t\t\t\t\t\t\t\t<\/div>\n\t\t\t\t<\/div>\n\t\t\t\t<\/div>\n\t\t<div data-particle_enable=\"false\" data-particle-mobile-disabled=\"false\" class=\"elementor-element elementor-element-765a79d e-con-full e-flex e-con e-child\" data-id=\"765a79d\" data-element_type=\"container\" data-settings=\"{&quot;ekit_has_onepagescroll_dot&quot;:&quot;yes&quot;}\">\n\t\t\t\t<\/div>\n\t\t<div data-particle_enable=\"false\" data-particle-mobile-disabled=\"false\" class=\"elementor-element elementor-element-e5d8563 e-con-full e-flex e-con e-child\" data-id=\"e5d8563\" data-element_type=\"container\" data-settings=\"{&quot;ekit_has_onepagescroll_dot&quot;:&quot;yes&quot;}\">\n\t\t<div data-particle_enable=\"false\" data-particle-mobile-disabled=\"false\" class=\"elementor-element elementor-element-6fbdd5e e-con-full e-flex e-con e-child\" data-id=\"6fbdd5e\" data-element_type=\"container\" data-settings=\"{&quot;background_background&quot;:&quot;classic&quot;,&quot;ekit_has_onepagescroll_dot&quot;:&quot;yes&quot;}\">\n\t\t\t\t<div class=\"elementor-element elementor-element-cd9c020 elementor-widget elementor-widget-image\" data-id=\"cd9c020\" data-element_type=\"widget\" data-settings=\"{&quot;ekit_we_effect_on&quot;:&quot;none&quot;}\" data-widget_type=\"image.default\">\n\t\t\t\t<div class=\"elementor-widget-container\">\n\t\t\t\t\t\t\t\t\t\t\t\t\t\t\t<img fetchpriority=\"high\" decoding=\"async\" width=\"300\" height=\"300\" src=\"https:\/\/fgm-sa.com\/wp-content\/uploads\/2024\/05\/\u0646\u0633\u062e\u0629-\u0645\u0646-sm-300x300-1.webp\" class=\"attachment-large size-large wp-image-3110\" alt=\"\" srcset=\"https:\/\/fgm-sa.com\/wp-content\/uploads\/2024\/05\/\u0646\u0633\u062e\u0629-\u0645\u0646-sm-300x300-1.webp 300w, https:\/\/fgm-sa.com\/wp-content\/uploads\/2024\/05\/\u0646\u0633\u062e\u0629-\u0645\u0646-sm-300x300-1-150x150.webp 150w\" sizes=\"(max-width: 300px) 100vw, 300px\" \/>\t\t\t\t\t\t\t\t\t\t\t\t\t\t\t<\/div>\n\t\t\t\t<\/div>\n\t\t\t\t<div class=\"elementor-element elementor-element-1f92999 elementor-widget elementor-widget-heading\" data-id=\"1f92999\" data-element_type=\"widget\" data-settings=\"{&quot;ekit_we_effect_on&quot;:&quot;none&quot;}\" data-widget_type=\"heading.default\">\n\t\t\t\t<div class=\"elementor-widget-container\">\n\t\t\t\t\t<h2 class=\"elementor-heading-title elementor-size-default\">\u0645\u062d\u0645\u062f \u0639\u0628\u062f\u0627\u0644\u0644\u0647<\/h2>\t\t\t\t<\/div>\n\t\t\t\t<\/div>\n\t\t\t\t<\/div>\n\t\t<div data-particle_enable=\"false\" data-particle-mobile-disabled=\"false\" class=\"elementor-element elementor-element-2dd26e9 e-con-full e-flex e-con e-child\" data-id=\"2dd26e9\" data-element_type=\"container\" data-settings=\"{&quot;background_background&quot;:&quot;classic&quot;,&quot;ekit_has_onepagescroll_dot&quot;:&quot;yes&quot;}\">\n\t\t\t\t<div class=\"elementor-element elementor-element-f70f7d6 elementor-widget elementor-widget-image\" data-id=\"f70f7d6\" data-element_type=\"widget\" data-settings=\"{&quot;ekit_we_effect_on&quot;:&quot;none&quot;}\" data-widget_type=\"image.default\">\n\t\t\t\t<div class=\"elementor-widget-container\">\n\t\t\t\t\t\t\t\t\t\t\t\t\t\t\t<img fetchpriority=\"high\" decoding=\"async\" width=\"300\" height=\"300\" src=\"https:\/\/fgm-sa.com\/wp-content\/uploads\/2024\/05\/\u0646\u0633\u062e\u0629-\u0645\u0646-sm-300x300-1.webp\" class=\"attachment-large size-large wp-image-3110\" alt=\"\" srcset=\"https:\/\/fgm-sa.com\/wp-content\/uploads\/2024\/05\/\u0646\u0633\u062e\u0629-\u0645\u0646-sm-300x300-1.webp 300w, https:\/\/fgm-sa.com\/wp-content\/uploads\/2024\/05\/\u0646\u0633\u062e\u0629-\u0645\u0646-sm-300x300-1-150x150.webp 150w\" sizes=\"(max-width: 300px) 100vw, 300px\" \/>\t\t\t\t\t\t\t\t\t\t\t\t\t\t\t<\/div>\n\t\t\t\t<\/div>\n\t\t\t\t<div class=\"elementor-element elementor-element-777da55 elementor-widget elementor-widget-heading\" data-id=\"777da55\" data-element_type=\"widget\" data-settings=\"{&quot;ekit_we_effect_on&quot;:&quot;none&quot;}\" data-widget_type=\"heading.default\">\n\t\t\t\t<div class=\"elementor-widget-container\">\n\t\t\t\t\t<h2 class=\"elementor-heading-title elementor-size-default\">Abdou El Aziz Wan<\/h2>\t\t\t\t<\/div>\n\t\t\t\t<\/div>\n\t\t\t\t<\/div>\n\t\t<div data-particle_enable=\"false\" data-particle-mobile-disabled=\"false\" class=\"elementor-element elementor-element-0a4e904 e-con-full e-flex e-con e-child\" data-id=\"0a4e904\" data-element_type=\"container\" data-settings=\"{&quot;background_background&quot;:&quot;classic&quot;,&quot;ekit_has_onepagescroll_dot&quot;:&quot;yes&quot;}\">\n\t\t\t\t<div class=\"elementor-element elementor-element-59c9fc1 elementor-widget elementor-widget-image\" data-id=\"59c9fc1\" data-element_type=\"widget\" data-settings=\"{&quot;ekit_we_effect_on&quot;:&quot;none&quot;}\" data-widget_type=\"image.default\">\n\t\t\t\t<div class=\"elementor-widget-container\">\n\t\t\t\t\t\t\t\t\t\t\t\t\t\t\t<img fetchpriority=\"high\" decoding=\"async\" width=\"300\" height=\"300\" src=\"https:\/\/fgm-sa.com\/wp-content\/uploads\/2024\/05\/\u0646\u0633\u062e\u0629-\u0645\u0646-sm-300x300-1.webp\" class=\"attachment-large size-large wp-image-3110\" alt=\"\" srcset=\"https:\/\/fgm-sa.com\/wp-content\/uploads\/2024\/05\/\u0646\u0633\u062e\u0629-\u0645\u0646-sm-300x300-1.webp 300w, https:\/\/fgm-sa.com\/wp-content\/uploads\/2024\/05\/\u0646\u0633\u062e\u0629-\u0645\u0646-sm-300x300-1-150x150.webp 150w\" sizes=\"(max-width: 300px) 100vw, 300px\" \/>\t\t\t\t\t\t\t\t\t\t\t\t\t\t\t<\/div>\n\t\t\t\t<\/div>\n\t\t\t\t<div class=\"elementor-element elementor-element-a1547fe elementor-widget elementor-widget-heading\" data-id=\"a1547fe\" data-element_type=\"widget\" data-settings=\"{&quot;ekit_we_effect_on&quot;:&quot;none&quot;}\" data-widget_type=\"heading.default\">\n\t\t\t\t<div class=\"elementor-widget-container\">\n\t\t\t\t\t<h2 class=\"elementor-heading-title elementor-size-default\">Elhousein Balle<\/h2>\t\t\t\t<\/div>\n\t\t\t\t<\/div>\n\t\t\t\t<\/div>\n\t\t<div data-particle_enable=\"false\" data-particle-mobile-disabled=\"false\" class=\"elementor-element elementor-element-9eb782e e-con-full e-flex e-con e-child\" data-id=\"9eb782e\" data-element_type=\"container\" data-settings=\"{&quot;background_background&quot;:&quot;classic&quot;,&quot;ekit_has_onepagescroll_dot&quot;:&quot;yes&quot;}\">\n\t\t\t\t<div class=\"elementor-element elementor-element-dc96e26 elementor-widget elementor-widget-image\" data-id=\"dc96e26\" data-element_type=\"widget\" data-settings=\"{&quot;ekit_we_effect_on&quot;:&quot;none&quot;}\" data-widget_type=\"image.default\">\n\t\t\t\t<div class=\"elementor-widget-container\">\n\t\t\t\t\t\t\t\t\t\t\t\t\t\t\t<img fetchpriority=\"high\" decoding=\"async\" width=\"300\" height=\"300\" src=\"https:\/\/fgm-sa.com\/wp-content\/uploads\/2024\/05\/\u0646\u0633\u062e\u0629-\u0645\u0646-sm-300x300-1.webp\" class=\"attachment-large size-large wp-image-3110\" alt=\"\" srcset=\"https:\/\/fgm-sa.com\/wp-content\/uploads\/2024\/05\/\u0646\u0633\u062e\u0629-\u0645\u0646-sm-300x300-1.webp 300w, https:\/\/fgm-sa.com\/wp-content\/uploads\/2024\/05\/\u0646\u0633\u062e\u0629-\u0645\u0646-sm-300x300-1-150x150.webp 150w\" sizes=\"(max-width: 300px) 100vw, 300px\" \/>\t\t\t\t\t\t\t\t\t\t\t\t\t\t\t<\/div>\n\t\t\t\t<\/div>\n\t\t\t\t<div class=\"elementor-element elementor-element-0c18f09 elementor-widget elementor-widget-heading\" data-id=\"0c18f09\" data-element_type=\"widget\" data-settings=\"{&quot;ekit_we_effect_on&quot;:&quot;none&quot;}\" data-widget_type=\"heading.default\">\n\t\t\t\t<div class=\"elementor-widget-container\">\n\t\t\t\t\t<h2 class=\"elementor-heading-title elementor-size-default\">\u0627\u0644\u0642\u0627\u0633\u0645 \u0639\u0628\u062f \u0627\u0644\u0644\u0647<\/h2>\t\t\t\t<\/div>\n\t\t\t\t<\/div>\n\t\t\t\t<\/div>\n\t\t\t\t<\/div>\n\t\t<div data-particle_enable=\"false\" data-particle-mobile-disabled=\"false\" class=\"elementor-element elementor-element-5c72e82 e-con-full e-flex e-con e-child\" data-id=\"5c72e82\" data-element_type=\"container\" data-settings=\"{&quot;ekit_has_onepagescroll_dot&quot;:&quot;yes&quot;}\">\n\t\t\t\t<\/div>\n\t\t\t\t\t<\/div>\n\t\t\t\t<\/div>\n\t\t<div data-particle_enable=\"false\" data-particle-mobile-disabled=\"false\" class=\"elementor-element elementor-element-cabc63d e-flex e-con-boxed e-con e-parent\" data-id=\"cabc63d\" data-element_type=\"container\" data-settings=\"{&quot;ekit_has_onepagescroll_dot&quot;:&quot;yes&quot;}\">\n\t\t\t\t\t<div class=\"e-con-inner\">\n\t\t\t\t\t<\/div>\n\t\t\t\t<\/div>\n\t\t<div data-particle_enable=\"false\" data-particle-mobile-disabled=\"false\" class=\"elementor-element elementor-element-0a1eab3 e-flex e-con-boxed e-con e-parent\" data-id=\"0a1eab3\" data-element_type=\"container\" data-settings=\"{&quot;ekit_has_onepagescroll_dot&quot;:&quot;yes&quot;}\">\n\t\t\t\t\t<div class=\"e-con-inner\">\n\t\t\t\t\t<\/div>\n\t\t\t\t<\/div>\n\t\t\t\t<\/div>","protected":false},"excerpt":{"rendered":"<p>\u0645\u062c\u0644\u0633 \u0625\u062f\u0627\u0631\u0629 \u0635\u0646\u062f\u0648\u0642 \u0627\u0644\u0636\u0645\u0627\u0646 \u0627\u0644\u0645\u0648\u0631\u064a\u062a\u0627\u0646\u064a \u064a\u0639\u062a\u0628\u0631 \u0645\u062c\u0644\u0633 \u0625\u062f\u0627\u0631\u0629 \u0635\u0646\u062f\u0648\u0642 \u0627\u0644\u0636\u0645\u0627\u0646 \u0627\u0644\u0645\u0648\u0631\u064a\u062a\u0627\u0646\u064a \u0627\u0644\u0647\u064a\u0626\u0629 \u0627\u0644\u0639\u0644\u064a\u0627 \u0644\u0644\u0635\u0646\u062f\u0648\u0642. \u0648\u062a\u0634\u0631\u0641 \u0639\u0644\u064a \u062a\u0639\u064a\u064a\u0646 \u0627\u0644\u0645\u062f\u064a\u0631 \u0627\u0644\u0639\u0627\u0645\u060c \u0648\u0643\u0630\u0627\u0644\u0643 \u0644\u062c\u0627\u0646 \u0627\u0644\u0635\u0646\u062f\u0648\u0642. \u0643\u0645\u0627 \u062a\u0635\u0627\u062f\u0642 \u0639\u0644\u064a \u0645\u064a\u0632\u0627\u0646\u064a\u062a\u0647. \u064a\u062a\u0631\u0623\u0633\u0647 \u0627\u0644\u0623\u0645\u064a\u0646 \u0627\u0644\u0639\u0627\u0645 \u0644\u0648\u0632\u0627\u0631\u0629 \u0627\u0644\u0645\u0627\u0644\u064a\u0629 \u0627\u0644\u0633\u064a\u062f : \u0627\u062f\u064a\u0627\u0644\u0648 \u0645\u0627\u0645\u0627\u062f\u0648 \u0639\u0628\u062f\u0648 \u0627\u0644\u0644\u0647 \u064a\u062a\u0643\u0648\u0646 \u0645\u062c\u0644\u0633 \u0625\u062f\u0627\u0631\u0629 \u0635\u0646\u062f\u0648\u0642 \u0627\u0644\u0636\u0645\u0627\u0646 \u0627\u0644\u0645\u0648\u0631\u064a\u062a\u0627\u0646\u064a \u0645\u0646 \u0645\u062d\u0645\u062f \u0639\u0628\u062f\u0627\u0644\u0644\u0647 \u0639\u0628\u062f \u0627\u0644\u0639\u0632\u064a\u0632 \u0648\u0646 \u0627\u0644\u062d\u0633\u064a\u0646 \u0628\u0627\u0644 \u0627\u0644\u0642\u0627\u0633\u0645 \u0639\u0628\u062f \u0627\u0644\u0644\u0647<\/p>","protected":false},"author":1,"featured_media":0,"parent":0,"menu_order":0,"comment_status":"closed","ping_status":"closed","template":"","meta":{"_eb_attr":"","footnotes":""},"class_list":["post-1922","page","type-page","status-publish","hentry"],"blocksy_meta":[],"_links":{"self":[{"href":"https:\/\/fgm-sa.com\/fr\/wp-json\/wp\/v2\/pages\/1922","targetHints":{"allow":["GET"]}}],"collection":[{"href":"https:\/\/fgm-sa.com\/fr\/wp-json\/wp\/v2\/pages"}],"about":[{"href":"https:\/\/fgm-sa.com\/fr\/wp-json\/wp\/v2\/types\/page"}],"author":[{"embeddable":true,"href":"https:\/\/fgm-sa.com\/fr\/wp-json\/wp\/v2\/users\/1"}],"replies":[{"embeddable":true,"href":"https:\/\/fgm-sa.com\/fr\/wp-json\/wp\/v2\/comments?post=1922"}],"version-history":[{"count":53,"href":"https:\/\/fgm-sa.com\/fr\/wp-json\/wp\/v2\/pages\/1922\/revisions"}],"predecessor-version":[{"id":4827,"href":"https:\/\/fgm-sa.com\/fr\/wp-json\/wp\/v2\/pages\/1922\/revisions\/4827"}],"wp:attachment":[{"href":"https:\/\/fgm-sa.com\/fr\/wp-json\/wp\/v2\/media?parent=1922"}],"curies":[{"name":"wp","href":"https:\/\/api.w.org\/{rel}","templated":true}]}}