{"id":1848,"date":"2024-03-09T19:57:39","date_gmt":"2024-03-09T19:57:39","guid":{"rendered":"https:\/\/fgm-sa.com\/?page_id=1848"},"modified":"2024-09-08T18:14:30","modified_gmt":"2024-09-08T18:14:30","slug":"mecanismes-dintervention","status":"publish","type":"page","link":"https:\/\/fgm-sa.com\/fr\/mecanismes-dintervention\/","title":{"rendered":"M\u00e9canismes d'intervention"},"content":{"rendered":"<div data-elementor-type=\"wp-page\" data-elementor-id=\"1848\" class=\"elementor elementor-1848\" data-elementor-post-type=\"page\">\n\t\t\t\t\t\t<section data-particle_enable=\"false\" data-particle-mobile-disabled=\"false\" class=\"elementor-section elementor-top-section elementor-element elementor-element-265ebe0 ct-section-stretched elementor-section-boxed elementor-section-height-default elementor-section-height-default\" data-id=\"265ebe0\" data-element_type=\"section\" data-settings=\"{&quot;background_background&quot;:&quot;classic&quot;,&quot;shape_divider_bottom&quot;:&quot;mountains&quot;,&quot;ekit_has_onepagescroll_dot&quot;:&quot;yes&quot;}\">\n\t\t\t\t\t\t\t<div class=\"elementor-background-overlay\"><\/div>\n\t\t\t\t\t\t<div class=\"elementor-shape elementor-shape-bottom\" aria-hidden=\"true\" data-negative=\"false\">\n\t\t\t<svg xmlns=\"http:\/\/www.w3.org\/2000\/svg\" viewbox=\"0 0 1000 100\" preserveaspectratio=\"none\">\n\t<path class=\"elementor-shape-fill\" opacity=\"0.33\" d=\"M473,67.3c-203.9,88.3-263.1-34-320.3,0C66,119.1,0,59.7,0,59.7V0h1000v59.7 c0,0-62.1,26.1-94.9,29.3c-32.8,3.3-62.8-12.3-75.8-22.1C806,49.6,745.3,8.7,694.9,4.7S492.4,59,473,67.3z\"\/>\n\t<path class=\"elementor-shape-fill\" opacity=\"0.66\" d=\"M734,67.3c-45.5,0-77.2-23.2-129.1-39.1c-28.6-8.7-150.3-10.1-254,39.1 s-91.7-34.4-149.2,0C115.7,118.3,0,39.8,0,39.8V0h1000v36.5c0,0-28.2-18.5-92.1-18.5C810.2,18.1,775.7,67.3,734,67.3z\"\/>\n\t<path class=\"elementor-shape-fill\" d=\"M766.1,28.9c-200-57.5-266,65.5-395.1,19.5C242,1.8,242,5.4,184.8,20.6C128,35.8,132.3,44.9,89.9,52.5C28.6,63.7,0,0,0,0 h1000c0,0-9.9,40.9-83.6,48.1S829.6,47,766.1,28.9z\"\/>\n<\/svg>\t\t<\/div>\n\t\t\t\t\t<div class=\"elementor-container elementor-column-gap-default\">\n\t\t\t\t\t<div class=\"elementor-column elementor-col-50 elementor-top-column elementor-element elementor-element-f2d4dfa\" data-id=\"f2d4dfa\" data-element_type=\"column\">\n\t\t\t<div class=\"elementor-widget-wrap elementor-element-populated\">\n\t\t\t\t\t\t<div class=\"elementor-element elementor-element-931e5c8 elementor-widget elementor-widget-heading\" data-id=\"931e5c8\" data-element_type=\"widget\" data-settings=\"{&quot;ekit_we_effect_on&quot;:&quot;none&quot;}\" data-widget_type=\"heading.default\">\n\t\t\t\t<div class=\"elementor-widget-container\">\n\t\t\t\t\t<h2 class=\"elementor-heading-title elementor-size-default\">M\u00e9canismes d'intervention<\/h2>\t\t\t\t<\/div>\n\t\t\t\t<\/div>\n\t\t\t\t<div class=\"elementor-element elementor-element-3029d4a elementor-widget-divider--view-line_icon elementor-widget-divider--element-align-right elementor-hidden-mobile elementor-view-default elementor-widget elementor-widget-divider\" data-id=\"3029d4a\" data-element_type=\"widget\" data-settings=\"{&quot;ekit_we_effect_on&quot;:&quot;none&quot;}\" data-widget_type=\"divider.default\">\n\t\t\t\t<div class=\"elementor-widget-container\">\n\t\t\t\t\t\t\t<div class=\"elementor-divider\">\n\t\t\t<span class=\"elementor-divider-separator\">\n\t\t\t\t\t\t\t<div class=\"elementor-icon elementor-divider__element\">\n\t\t\t\t\t<svg aria-hidden=\"true\" class=\"e-font-icon-svg e-fas-star\" viewbox=\"0 0 576 512\" xmlns=\"http:\/\/www.w3.org\/2000\/svg\"><path d=\"M259.3 17.8L194 150.2 47.9 171.5c-26.2 3.8-36.7 36.1-17.7 54.6l105.7 103-25 145.5c-4.5 26.3 23.2 46 46.4 33.7L288 439.6l130.7 68.7c23.2 12.2 50.9-7.4 46.4-33.7l-25-145.5 105.7-103c19-18.5 8.5-50.8-17.7-54.6L382 150.2 316.7 17.8c-11.7-23.6-45.6-23.9-57.4 0z\"><\/path><\/svg><\/div>\n\t\t\t\t\t\t<\/span>\n\t\t<\/div>\n\t\t\t\t\t\t<\/div>\n\t\t\t\t<\/div>\n\t\t\t\t\t<\/div>\n\t\t<\/div>\n\t\t\t\t<div class=\"elementor-column elementor-col-50 elementor-top-column elementor-element elementor-element-1d69f4e elementor-hidden-tablet elementor-hidden-phone\" data-id=\"1d69f4e\" data-element_type=\"column\" data-settings=\"{&quot;background_background&quot;:&quot;classic&quot;}\">\n\t\t\t<div class=\"elementor-widget-wrap elementor-element-populated\">\n\t\t\t\t\t\t<div class=\"elementor-element elementor-element-b425fbe elementor-invisible elementor-widget elementor-widget-image\" data-id=\"b425fbe\" data-element_type=\"widget\" data-settings=\"{&quot;_animation&quot;:&quot;fadeInUp&quot;,&quot;ekit_we_effect_on&quot;:&quot;none&quot;}\" data-widget_type=\"image.default\">\n\t\t\t\t<div class=\"elementor-widget-container\">\n\t\t\t\t\t\t\t\t\t\t\t\t\t\t\t<img fetchpriority=\"high\" decoding=\"async\" width=\"300\" height=\"300\" src=\"https:\/\/fgm-sa.com\/wp-content\/uploads\/2024\/04\/\u0646\u0633\u062e\u0629-\u0645\u0646-sm-300x300-1.webp\" class=\"attachment-large size-large wp-image-2720\" alt=\"\" srcset=\"https:\/\/fgm-sa.com\/wp-content\/uploads\/2024\/04\/\u0646\u0633\u062e\u0629-\u0645\u0646-sm-300x300-1.webp 300w, https:\/\/fgm-sa.com\/wp-content\/uploads\/2024\/04\/\u0646\u0633\u062e\u0629-\u0645\u0646-sm-300x300-1-150x150.webp 150w\" sizes=\"(max-width: 300px) 100vw, 300px\" \/>\t\t\t\t\t\t\t\t\t\t\t\t\t\t\t<\/div>\n\t\t\t\t<\/div>\n\t\t\t\t\t<\/div>\n\t\t<\/div>\n\t\t\t\t\t<\/div>\n\t\t<\/section>\n\t\t<div data-particle_enable=\"false\" data-particle-mobile-disabled=\"false\" class=\"elementor-element elementor-element-5176880 e-flex e-con-boxed e-con e-parent\" data-id=\"5176880\" data-element_type=\"container\" data-settings=\"{&quot;background_background&quot;:&quot;gradient&quot;,&quot;ekit_has_onepagescroll_dot&quot;:&quot;yes&quot;}\">\n\t\t\t\t\t<div class=\"e-con-inner\">\n\t\t\t\t<div class=\"elementor-element elementor-element-3dfb44a elementor-widget elementor-widget-elementskit-heading\" data-id=\"3dfb44a\" data-element_type=\"widget\" data-settings=\"{&quot;ekit_we_effect_on&quot;:&quot;none&quot;}\" data-widget_type=\"elementskit-heading.default\">\n\t\t\t\t<div class=\"elementor-widget-container\">\n\t\t\t\t\t<div class=\"ekit-wid-con\" ><div class=\"ekit-heading elementskit-section-title-wraper text_center   ekit_heading_tablet-   ekit_heading_mobile-\"><h2 class=\"ekit-heading--title elementskit-section-title\">Garantie individuelle <\/h2><\/div><\/div>\t\t\t\t<\/div>\n\t\t\t\t<\/div>\n\t\t\t\t<div class=\"elementor-element elementor-element-d89dbd7 elementor-hidden-mobile elementor-widget elementor-widget-text-editor\" data-id=\"d89dbd7\" data-element_type=\"widget\" data-settings=\"{&quot;ekit_we_effect_on&quot;:&quot;none&quot;}\" data-widget_type=\"text-editor.default\">\n\t\t\t\t<div class=\"elementor-widget-container\">\n\t\t\t\t\t\t\t\t\t<p>D\u00e9signe la protection ou l'assurance du prestataire ou de l'investisseur individuel. Cette garantie peut prendre diff\u00e9rentes formes selon les modalit\u00e9s du fonds et vise souvent \u00e0 r\u00e9duire le risque de perte pour l'investisseur.<\/p>\t\t\t\t\t\t\t\t<\/div>\n\t\t\t\t<\/div>\n\t\t\t\t<div class=\"elementor-element elementor-element-e460aaf elementor-invisible elementor-widget elementor-widget-elementskit-accordion\" data-id=\"e460aaf\" data-element_type=\"widget\" data-settings=\"{&quot;_animation&quot;:&quot;fadeInUp&quot;,&quot;ekit_we_effect_on&quot;:&quot;none&quot;}\" data-widget_type=\"elementskit-accordion.default\">\n\t\t\t\t<div class=\"elementor-widget-container\">\n\t\t\t\t\t<div class=\"ekit-wid-con\" >\n        <div class=\"elementskit-accordion accoedion-primary\" id=\"accordion-69e4b5e0af955\">\n\n            \n                <div class=\"elementskit-card\">\n                    <div class=\"elementskit-card-header\" id=\"primaryHeading-0-e460aaf\">\n                        <a href=\"#collapse-bc2283069e4b5e0af955\" class=\"ekit-accordion--toggler elementskit-btn-link collapsed\" data-ekit-toggle=\"collapse\" data-target=\"#Collapse-bc2283069e4b5e0af955\" aria-expanded=\"false\" aria-controls=\"Collapse-bc2283069e4b5e0af955\">\n                            \n                            <span class=\"ekit-accordion-title\">1. Garantie de pr\u00eat bancaire<\/span>\n\n                            \n                                <div class=\"ekit_accordion_icon_group\">\n                                    <div class=\"ekit_accordion_normal_icon\">\n                                        <!-- Normal Icon -->\n\t\t\t\t\t\t\t\t\t\t<i class=\"icon icon-plus\"><\/i>                                    <\/div>\n\n                                    <div class=\"ekit_accordion_active_icon\">\n                                        <!-- Active Icon -->\n\t\t\t\t\t\t\t\t\t\t<i class=\"icon icon-minus\"><\/i>                                    <\/div>\n                                <\/div>\n\n                            \n                                                    <\/a>\n                    <\/div>\n\n                    <div id=\"Collapse-bc2283069e4b5e0af955\" class=\"collapse\" aria-labelledby=\"primaryHeading-0-e460aaf\" data-parent=\"#accordion-69e4b5e0af955\">\n\n                        <div class=\"elementskit-card-body ekit-accordion--content\">\n                            <p>Une garantie de pr\u00eat bancaire permet de partager le co\u00fbt du risque avec la banque\/\u00e9tablissement de cr\u00e9dit dans le cadre du financement PME\/PME, le montant maximum garanti \u00e9tant de 50% du montant principal du pr\u00eat.<\/p><p>Proc\u00e9dure : La demande de garantie doit \u00eatre pr\u00e9sent\u00e9e au Fonds par l'\u00e9tablissement de cr\u00e9dit, accompagn\u00e9e :<\/p><ul><li>Rapport d'analyse des risques.<\/li><li>Plan de travail du projet.<\/li><li>\u00c9tats financiers historiques approuv\u00e9s pour les trois derniers exercices.<\/li><li>Documents juridiques et administratifs du projet, et tout autre document pertinent \u00e0 l'\u00e9valuation des risques.<\/li><\/ul><p>Co\u00fbt de la commission de garantie : Une commission d'engagement (de 1,85 \u00e0 2,85% du montant de l'engagement) est vers\u00e9e lors de la signature de la convention entre le fonds et la banque, et la commission d'avenant (de 1,5 \u00e0 2,5%) est appliqu\u00e9e sur le montant d\u00fb selon au sch\u00e9ma de traitement des risques.<\/p>                        <\/div>\n\n                    <\/div>\n\n                <\/div><!-- .elementskit-card END -->\n\n                \n                <div class=\"elementskit-card\">\n                    <div class=\"elementskit-card-header\" id=\"primaryHeading-1-e460aaf\">\n                        <a href=\"#collapse-8417e7169e4b5e0af955\" class=\"ekit-accordion--toggler elementskit-btn-link collapsed\" data-ekit-toggle=\"collapse\" data-target=\"#Collapse-8417e7169e4b5e0af955\" aria-expanded=\"false\" aria-controls=\"Collapse-8417e7169e4b5e0af955\">\n                            \n                            <span class=\"ekit-accordion-title\">2. D\u00e9livrance d'un d\u00e9p\u00f4t ou d'une garantie anti-d\u00e9p\u00f4t<\/span>\n\n                            \n                                <div class=\"ekit_accordion_icon_group\">\n                                    <div class=\"ekit_accordion_normal_icon\">\n                                        <!-- Normal Icon -->\n\t\t\t\t\t\t\t\t\t\t<i class=\"icon icon-plus\"><\/i>                                    <\/div>\n\n                                    <div class=\"ekit_accordion_active_icon\">\n                                        <!-- Active Icon -->\n\t\t\t\t\t\t\t\t\t\t<i class=\"icon icon-minus\"><\/i>                                    <\/div>\n                                <\/div>\n\n                            \n                                                    <\/a>\n                    <\/div>\n\n                    <div id=\"Collapse-8417e7169e4b5e0af955\" class=\"collapse\" aria-labelledby=\"primaryHeading-1-e460aaf\" data-parent=\"#accordion-69e4b5e0af955\">\n\n                        <div class=\"elementskit-card-body ekit-accordion--content\">\n                            <p>Le Fonds \u00e9met ou partage le co\u00fbt des risques li\u00e9s \u00e0 l'\u00e9mission d'engagements de signature, sous forme de garanties ou de lignes de collat\u00e9ral.<\/p><p>Proc\u00e9dure : La demande de contre-garantie doit \u00eatre adress\u00e9e au Fonds par la banque ou l'\u00e9tablissement de cr\u00e9dit, ou par la soci\u00e9t\u00e9 sollicitant l'\u00e9mission des garanties, en pr\u00e9sentant les documents suivants :<\/p><ul><li>Couverture ou contrat li\u00e9 au contrat.<\/li><li>Note d'analyse des risques.<\/li><li>\u00c9tats financiers certifi\u00e9s de l'entreprise, etc.<\/li><\/ul><p>- Co\u00fbt : Disponible sur demande.<\/p>                        <\/div>\n\n                    <\/div>\n\n                <\/div><!-- .elementskit-card END -->\n\n                \n                <div class=\"elementskit-card\">\n                    <div class=\"elementskit-card-header\" id=\"primaryHeading-2-e460aaf\">\n                        <a href=\"#collapse-a2ed83369e4b5e0af955\" class=\"ekit-accordion--toggler elementskit-btn-link collapsed\" data-ekit-toggle=\"collapse\" data-target=\"#Collapse-a2ed83369e4b5e0af955\" aria-expanded=\"false\" aria-controls=\"Collapse-a2ed83369e4b5e0af955\">\n                            \n                            <span class=\"ekit-accordion-title\">3. Anti-garantie pour les op\u00e9rations d\u2019importation ou d\u2019exportation<\/span>\n\n                            \n                                <div class=\"ekit_accordion_icon_group\">\n                                    <div class=\"ekit_accordion_normal_icon\">\n                                        <!-- Normal Icon -->\n\t\t\t\t\t\t\t\t\t\t<i class=\"icon icon-plus\"><\/i>                                    <\/div>\n\n                                    <div class=\"ekit_accordion_active_icon\">\n                                        <!-- Active Icon -->\n\t\t\t\t\t\t\t\t\t\t<i class=\"icon icon-minus\"><\/i>                                    <\/div>\n                                <\/div>\n\n                            \n                                                    <\/a>\n                    <\/div>\n\n                    <div id=\"Collapse-a2ed83369e4b5e0af955\" class=\"collapse\" aria-labelledby=\"primaryHeading-2-e460aaf\" data-parent=\"#accordion-69e4b5e0af955\">\n\n                        <div class=\"elementskit-card-body ekit-accordion--content\">\n                            <p>\u00a0Le Fonds partage les risques avec les banques dans le co\u00fbt des op\u00e9rations d'importation et d'exportation (...).<\/p><p>- Proc\u00e9dure : La demande d'intervention doit \u00eatre adress\u00e9e au Fonds par le demandeur, pr\u00e9cisant le taux de contre-garantie requis, les d\u00e9marches \u00e0 entreprendre, les documents, etc.<\/p><p>- Co\u00fbt : Disponible sur demande.<\/p>                        <\/div>\n\n                    <\/div>\n\n                <\/div><!-- .elementskit-card END -->\n\n                \n                <div class=\"elementskit-card\">\n                    <div class=\"elementskit-card-header\" id=\"primaryHeading-3-e460aaf\">\n                        <a href=\"#collapse-cde089869e4b5e0af955\" class=\"ekit-accordion--toggler elementskit-btn-link collapsed\" data-ekit-toggle=\"collapse\" data-target=\"#Collapse-cde089869e4b5e0af955\" aria-expanded=\"false\" aria-controls=\"Collapse-cde089869e4b5e0af955\">\n                            \n                            <span class=\"ekit-accordion-title\">4. Garantie du dossier<\/span>\n\n                            \n                                <div class=\"ekit_accordion_icon_group\">\n                                    <div class=\"ekit_accordion_normal_icon\">\n                                        <!-- Normal Icon -->\n\t\t\t\t\t\t\t\t\t\t<i class=\"icon icon-plus\"><\/i>                                    <\/div>\n\n                                    <div class=\"ekit_accordion_active_icon\">\n                                        <!-- Active Icon -->\n\t\t\t\t\t\t\t\t\t\t<i class=\"icon icon-minus\"><\/i>                                    <\/div>\n                                <\/div>\n\n                            \n                                                    <\/a>\n                    <\/div>\n\n                    <div id=\"Collapse-cde089869e4b5e0af955\" class=\"collapse\" aria-labelledby=\"primaryHeading-3-e460aaf\" data-parent=\"#accordion-69e4b5e0af955\">\n\n                        <div class=\"elementskit-card-body ekit-accordion--content\">\n                            <p>Le Fonds d\u00e9l\u00e8gue la d\u00e9cision d'accorder sa garantie \u00e0 l'\u00e9tablissement de cr\u00e9dit au travers d'une ligne de garantie, apr\u00e8s d\u00e9termination des crit\u00e8res de qualification pr\u00e9cit\u00e9s.<\/p><p>- Proc\u00e9dure : L'\u00e9tablissement requ\u00e9rant pr\u00e9sente une demande de garantie, accompagn\u00e9e d'un rapport d\u00e9taill\u00e9 sur la qualit\u00e9 de son dossier, sa politique d'octroi de cr\u00e9dits, son business plan, ses \u00e9tats financiers, etc.<\/p><p>- Co\u00fbt : Disponible sur demande.<\/p>                        <\/div>\n\n                    <\/div>\n\n                <\/div><!-- .elementskit-card END -->\n\n                                        <\/div>\n    <\/div>\t\t\t\t<\/div>\n\t\t\t\t<\/div>\n\t\t\t\t\t<\/div>\n\t\t\t\t<\/div>\n\t\t\t\t<\/div>","protected":false},"excerpt":{"rendered":"<p>\u0622\u0644\u064a\u0627\u062a \u0627\u0644\u062a\u062f\u062e\u0640\u0640\u0644 \u0627\u0644\u0636\u0645\u0627\u0646 \u0627\u0644\u0641\u0631\u062f\u064a \u064a\u0634\u064a\u0631 \u0625\u0644\u0649 \u062d\u0645\u0627\u064a\u0629 \u0623\u0648 \u062a\u0623\u0645\u064a\u0646 \u0627\u0644\u0645\u0642\u062f\u0645 \u0623\u0648 \u0627\u0644\u0645\u0633\u062a\u062b\u0645\u0631 \u0627\u0644\u0641\u0631\u062f\u064a , \u064a\u0645\u0643\u0646 \u0623\u0646 \u064a\u062a\u062e\u0630 \u0647\u0630\u0627 \u0627\u0644\u0636\u0645\u0627\u0646 \u0623\u0634\u0643\u0627\u0644 \u0645\u062e\u062a\u0644\u0641\u0629 \u0648\u0641\u0642\u0627 \u0644\u0634\u0631\u0648\u0637 \u0627\u0644\u0635\u0646\u062f\u0648\u0642 \u0648\u063a\u0627\u0644\u0628\u0627 \u0645\u0627 \u064a\u0647\u062f\u0641 \u0625\u0644\u0649 \u062a\u0642\u0644\u064a\u0644 \u0645\u062e\u0627\u0637\u0631 \u0627\u0644\u062e\u0633\u0627\u0631\u0629 \u0644\u0644\u0645\u0633\u062a\u062b\u0645\u0631. 1. \u0636\u0645\u0627\u0646 \u0627\u0644\u0642\u0631\u0636 \u0627\u0644\u0645\u0635\u0631\u0641\u064a \u064a\u0633\u0645\u062d \u0636\u0645\u0627\u0646 \u0627\u0644\u0642\u0631\u0636 \u0627\u0644\u0645\u0635\u0631\u0641\u064a \u0628\u062a\u0642\u0627\u0633\u0645 \u062a\u0643\u0644\u0641\u0629 \u0627\u0644\u0645\u062e\u0627\u0637\u0631 \u0645\u0639 \u0627\u0644\u0628\u0646\u0643\/\u0627\u0644\u0645\u0624\u0633\u0633\u0629 \u0627\u0644\u0627\u0626\u062a\u0645\u0627\u0646\u064a\u0629 \u0643\u062c\u0632\u0621 \u0645\u0646 \u062a\u0645\u0648\u064a\u0644 \u0627\u0644\u0634\u0631\u0643\u0627\u062a \u0627\u0644\u0635\u063a\u064a\u0631\u0629 \u0648\u0627\u0644\u0645\u062a\u0648\u0633\u0637\u0629 \/ \u0627\u0644\u0645\u0624\u0633\u0633\u0627\u062a \u0627\u0644\u0635\u063a\u064a\u0631\u0629 [&hellip;]<\/p>","protected":false},"author":1,"featured_media":0,"parent":0,"menu_order":0,"comment_status":"closed","ping_status":"closed","template":"","meta":{"_eb_attr":"","footnotes":""},"class_list":["post-1848","page","type-page","status-publish","hentry"],"blocksy_meta":[],"_links":{"self":[{"href":"https:\/\/fgm-sa.com\/fr\/wp-json\/wp\/v2\/pages\/1848","targetHints":{"allow":["GET"]}}],"collection":[{"href":"https:\/\/fgm-sa.com\/fr\/wp-json\/wp\/v2\/pages"}],"about":[{"href":"https:\/\/fgm-sa.com\/fr\/wp-json\/wp\/v2\/types\/page"}],"author":[{"embeddable":true,"href":"https:\/\/fgm-sa.com\/fr\/wp-json\/wp\/v2\/users\/1"}],"replies":[{"embeddable":true,"href":"https:\/\/fgm-sa.com\/fr\/wp-json\/wp\/v2\/comments?post=1848"}],"version-history":[{"count":65,"href":"https:\/\/fgm-sa.com\/fr\/wp-json\/wp\/v2\/pages\/1848\/revisions"}],"predecessor-version":[{"id":4106,"href":"https:\/\/fgm-sa.com\/fr\/wp-json\/wp\/v2\/pages\/1848\/revisions\/4106"}],"wp:attachment":[{"href":"https:\/\/fgm-sa.com\/fr\/wp-json\/wp\/v2\/media?parent=1848"}],"curies":[{"name":"wp","href":"https:\/\/api.w.org\/{rel}","templated":true}]}}