{"id":1034,"date":"2024-02-10T13:42:35","date_gmt":"2024-02-10T13:42:35","guid":{"rendered":"https:\/\/fgm-sa.com\/index.php\/about-us\/"},"modified":"2024-05-13T07:47:22","modified_gmt":"2024-05-13T07:47:22","slug":"about-us","status":"publish","type":"page","link":"https:\/\/fgm-sa.com\/fr\/about-us\/","title":{"rendered":"About Us"},"content":{"rendered":"<div data-elementor-type=\"wp-page\" data-elementor-id=\"1034\" class=\"elementor elementor-1034\" data-elementor-post-type=\"page\">\n\t\t\t\t<div data-particle_enable=\"false\" data-particle-mobile-disabled=\"false\" class=\"elementor-element elementor-element-b0990d0 e-flex e-con-boxed e-con e-parent\" data-id=\"b0990d0\" data-element_type=\"container\" data-settings=\"{&quot;background_background&quot;:&quot;classic&quot;,&quot;ekit_has_onepagescroll_dot&quot;:&quot;yes&quot;}\">\n\t\t\t\t\t<div class=\"e-con-inner\">\n\t\t<div data-particle_enable=\"false\" data-particle-mobile-disabled=\"false\" class=\"elementor-element elementor-element-8be6368 e-con-full e-flex e-con e-child\" data-id=\"8be6368\" data-element_type=\"container\" data-settings=\"{&quot;ekit_has_onepagescroll_dot&quot;:&quot;yes&quot;}\">\n\t\t\t\t<\/div>\n\t\t<div data-particle_enable=\"false\" data-particle-mobile-disabled=\"false\" class=\"elementor-element elementor-element-c1f3699 e-con-full e-flex e-con e-child\" data-id=\"c1f3699\" data-element_type=\"container\" data-settings=\"{&quot;ekit_has_onepagescroll_dot&quot;:&quot;yes&quot;}\">\n\t\t\t\t<div class=\"elementor-element elementor-element-876b21e elementor-invisible elementor-widget elementor-widget-image\" data-id=\"876b21e\" data-element_type=\"widget\" data-settings=\"{&quot;_animation&quot;:&quot;fadeInUp&quot;,&quot;ekit_we_effect_on&quot;:&quot;none&quot;}\" data-widget_type=\"image.default\">\n\t\t\t\t<div class=\"elementor-widget-container\">\n\t\t\t\t\t\t\t\t\t\t\t\t\t\t\t<img fetchpriority=\"high\" decoding=\"async\" width=\"300\" height=\"300\" src=\"https:\/\/fgm-sa.com\/wp-content\/uploads\/2024\/04\/\u0646\u0633\u062e\u0629-\u0645\u0646-sm-300x300-1.webp\" class=\"attachment-large size-large wp-image-2720\" alt=\"\" srcset=\"https:\/\/fgm-sa.com\/wp-content\/uploads\/2024\/04\/\u0646\u0633\u062e\u0629-\u0645\u0646-sm-300x300-1.webp 300w, https:\/\/fgm-sa.com\/wp-content\/uploads\/2024\/04\/\u0646\u0633\u062e\u0629-\u0645\u0646-sm-300x300-1-150x150.webp 150w\" sizes=\"(max-width: 300px) 100vw, 300px\" \/>\t\t\t\t\t\t\t\t\t\t\t\t\t\t\t<\/div>\n\t\t\t\t<\/div>\n\t\t\t\t<div class=\"elementor-element elementor-element-1fbea89 elementor-invisible elementor-widget elementor-widget-heading\" data-id=\"1fbea89\" data-element_type=\"widget\" data-settings=\"{&quot;_animation&quot;:&quot;fadeInUp&quot;,&quot;ekit_we_effect_on&quot;:&quot;none&quot;}\" data-widget_type=\"heading.default\">\n\t\t\t\t<div class=\"elementor-widget-container\">\n\t\t\t\t\t<h2 class=\"elementor-heading-title elementor-size-default\">C'est quoi le Fonds de Garantie de la Mauritanie ?<\/h2>\t\t\t\t<\/div>\n\t\t\t\t<\/div>\n\t\t\t\t<\/div>\n\t\t<div data-particle_enable=\"false\" data-particle-mobile-disabled=\"false\" class=\"elementor-element elementor-element-4ca3ae9 e-con-full e-flex e-con e-child\" data-id=\"4ca3ae9\" data-element_type=\"container\" data-settings=\"{&quot;ekit_has_onepagescroll_dot&quot;:&quot;yes&quot;}\">\n\t\t\t\t<\/div>\n\t\t<div data-particle_enable=\"false\" data-particle-mobile-disabled=\"false\" class=\"elementor-element elementor-element-0b6cc1f e-con-full e-flex e-con e-child\" data-id=\"0b6cc1f\" data-element_type=\"container\" data-settings=\"{&quot;ekit_has_onepagescroll_dot&quot;:&quot;yes&quot;}\">\n\t\t\t\t<div class=\"elementor-element elementor-element-78bcf0d elementor-invisible elementor-widget elementor-widget-elementskit-accordion\" data-id=\"78bcf0d\" data-element_type=\"widget\" data-settings=\"{&quot;_animation&quot;:&quot;fadeInUp&quot;,&quot;ekit_we_effect_on&quot;:&quot;none&quot;}\" data-widget_type=\"elementskit-accordion.default\">\n\t\t\t\t<div class=\"elementor-widget-container\">\n\t\t\t\t\t<div class=\"ekit-wid-con\" >\n        <div class=\"elementskit-accordion accoedion-primary\" id=\"accordion-69e4b544efcca\">\n\n            \n                <div class=\"elementskit-card\">\n                    <div class=\"elementskit-card-header\" id=\"primaryHeading-0-78bcf0d\">\n                        <a href=\"#collapse-bc2283069e4b544efcca\" class=\"ekit-accordion--toggler elementskit-btn-link collapsed\" data-ekit-toggle=\"collapse\" data-target=\"#Collapse-bc2283069e4b544efcca\" aria-expanded=\"false\" aria-controls=\"Collapse-bc2283069e4b544efcca\">\n                            \n                            <span class=\"ekit-accordion-title\">\u00c0 propos du fonds<\/span>\n\n                            \n                                <div class=\"ekit_accordion_icon_group\">\n                                    <div class=\"ekit_accordion_normal_icon\">\n                                        <!-- Normal Icon -->\n\t\t\t\t\t\t\t\t\t\t<i class=\"icon icon-plus\"><\/i>                                    <\/div>\n\n                                    <div class=\"ekit_accordion_active_icon\">\n                                        <!-- Active Icon -->\n\t\t\t\t\t\t\t\t\t\t<i class=\"icon icon-minus\"><\/i>                                    <\/div>\n                                <\/div>\n\n                            \n                                                    <\/a>\n                    <\/div>\n\n                    <div id=\"Collapse-bc2283069e4b544efcca\" class=\"collapse\" aria-labelledby=\"primaryHeading-0-78bcf0d\" data-parent=\"#accordion-69e4b544efcca\">\n\n                        <div class=\"elementskit-card-body ekit-accordion--content\">\n                            <p class=\"p1\">Repr\u00e9sentant plus de 70% des soci\u00e9t\u00e9s enregistr\u00e9es en Mauritanie, les petites et moyennes entreprises (PME) jouent un r\u00f4le de catalyseur dans l\u2019\u00e9conomie nationale.<\/p><p class=\"p1\">Ce r\u00f4le est multiforme :\n\u2022\tCr\u00e9ation d\u2019emplois,\n\u2022\tStimulation de la croissance,\n\u2022\tDiversification de l\u2019\u00e9conomie,\n\u2022\tP\u00e9rennisation de l\u2019\u00e9conomie.<\/p><p class=\"p1\">Le probl\u00e8me le plus important auquel elles font face a toujours \u00e9t\u00e9 l\u2019impossibilit\u00e9 d\u2019obtenir aupr\u00e8s des banques les financements dont elles ont besoin pour financer leur activit\u00e9 au b\u00e9n\u00e9fice de l\u2019\u00e9conomie.<span class=\"Apple-converted-space\">\u00a0 <\/span>.<\/p><p class=\"p1\">Le principal obstacle qui emp\u00eache les banques d\u2019accorder des cr\u00e9dits aux PME est que celles-ci ne disposent pas des garanties permettant aux \u00e9tablissements de cr\u00e9dit de limiter le risque de non remboursement des financements.<\/p><p class=\"p1\">Dans le but d\u2019apporter une solution radicale \u00e0 ce probl\u00e8me, les Hautes autorit\u00e9s de l\u2019Etat ont d\u00e9cid\u00e9 la cr\u00e9ation du Fonds de Garantie de Mauritanie (FGM) dont l\u2019objectif principal est de fournir des garanties aux banques afin qu\u2019elles consentent plus facilement des cr\u00e9dits aux PME.<\/p><p class=\"p1\">Pour que cet objectif soit atteint, l\u2019Etat a pris une option strat\u00e9gique consistant \u00e0 cr\u00e9er un partenariat public-priv\u00e9 pour fonder une soci\u00e9t\u00e9 anonyme au capital de 400 Millions MRU  d\u00e9nomm\u00e9e \u00ab Fonds de Garantie de la Mauritanie- SA \u00bb.<\/p><p class=\"p3\">L\u2019une des priorit\u00e9s de ce fonds est d\u2019inciter les banques \u00e0 financer les projets port\u00e9s par de jeunes entrepreneurs, hommes et femmes.<span class=\"s1\">.<\/span><\/p>                        <\/div>\n\n                    <\/div>\n\n                <\/div><!-- .elementskit-card END -->\n\n                \n                <div class=\"elementskit-card\">\n                    <div class=\"elementskit-card-header\" id=\"primaryHeading-1-78bcf0d\">\n                        <a href=\"#collapse-8417e7169e4b544efcca\" class=\"ekit-accordion--toggler elementskit-btn-link collapsed\" data-ekit-toggle=\"collapse\" data-target=\"#Collapse-8417e7169e4b544efcca\" aria-expanded=\"false\" aria-controls=\"Collapse-8417e7169e4b544efcca\">\n                            \n                            <span class=\"ekit-accordion-title\">Les objectifs du Fonds<\/span>\n\n                            \n                                <div class=\"ekit_accordion_icon_group\">\n                                    <div class=\"ekit_accordion_normal_icon\">\n                                        <!-- Normal Icon -->\n\t\t\t\t\t\t\t\t\t\t<i class=\"icon icon-plus\"><\/i>                                    <\/div>\n\n                                    <div class=\"ekit_accordion_active_icon\">\n                                        <!-- Active Icon -->\n\t\t\t\t\t\t\t\t\t\t<i class=\"icon icon-minus\"><\/i>                                    <\/div>\n                                <\/div>\n\n                            \n                                                    <\/a>\n                    <\/div>\n\n                    <div id=\"Collapse-8417e7169e4b544efcca\" class=\"collapse\" aria-labelledby=\"primaryHeading-1-78bcf0d\" data-parent=\"#accordion-69e4b544efcca\">\n\n                        <div class=\"elementskit-card-body ekit-accordion--content\">\n                            <p>Le FGM est une institution sp\u00e9cialis\u00e9e ayant comme premier objectif l\u2019\u00e9mission de garanties au profit des banques et \u00e9tablissements financiers pour les inciter \u00e0 accro\u00eetre leurs financements aux PME.<\/p><p>Un autre objectif est le renforcement des capacit\u00e9s des jeunes entrepreneurs, hommes et femmes, par la formation dans les domaines de la cr\u00e9ation de projets et de la gestion comptable et financi\u00e8re.<\/p><p>A travers ces objectifs, le FGM contribue \u00e0 am\u00e9liorer la confiance des banques dans leurs relations avec les PME. L\u2019environnement financier sera ainsi plus propice au d\u00e9veloppement des \u00e9changes entre les diff\u00e9rents agents \u00e9conomiques.<\/p><p>Le FGM constitue donc une opportunit\u00e9 strat\u00e9gique permettant aux banques d\u2019augmenter leur portefeuille de cr\u00e9dits aux PME tout en limitant le risque inh\u00e9rent \u00e0 tout financement.<\/p>                        <\/div>\n\n                    <\/div>\n\n                <\/div><!-- .elementskit-card END -->\n\n                \n                <div class=\"elementskit-card\">\n                    <div class=\"elementskit-card-header\" id=\"primaryHeading-2-78bcf0d\">\n                        <a href=\"#collapse-a2ed83369e4b544efcca\" class=\"ekit-accordion--toggler elementskit-btn-link collapsed\" data-ekit-toggle=\"collapse\" data-target=\"#Collapse-a2ed83369e4b544efcca\" aria-expanded=\"false\" aria-controls=\"Collapse-a2ed83369e4b544efcca\">\n                            \n                            <span class=\"ekit-accordion-title\">Les raisons principales de la cr\u00e9ation du FGM <\/span>\n\n                            \n                                <div class=\"ekit_accordion_icon_group\">\n                                    <div class=\"ekit_accordion_normal_icon\">\n                                        <!-- Normal Icon -->\n\t\t\t\t\t\t\t\t\t\t<i class=\"icon icon-plus\"><\/i>                                    <\/div>\n\n                                    <div class=\"ekit_accordion_active_icon\">\n                                        <!-- Active Icon -->\n\t\t\t\t\t\t\t\t\t\t<i class=\"icon icon-minus\"><\/i>                                    <\/div>\n                                <\/div>\n\n                            \n                                                    <\/a>\n                    <\/div>\n\n                    <div id=\"Collapse-a2ed83369e4b544efcca\" class=\"collapse\" aria-labelledby=\"primaryHeading-2-78bcf0d\" data-parent=\"#accordion-69e4b544efcca\">\n\n                        <div class=\"elementskit-card-body ekit-accordion--content\">\n                            <p>Voici les principales raisons ayant conduit \u00e0 la cr\u00e9ation du FGM.<\/p><p>1-L\u2019int\u00e9r\u00eat strat\u00e9gique du d\u00e9veloppement des PME :<\/p><p>Les PME constituent plus de 70% des soci\u00e9t\u00e9s inscrites en Mauritanie. Elles sont fortement imbriqu\u00e9es avec le tissu \u00e9conomique et social.\nBien qu\u2019elles connaissent des difficult\u00e9s tenant au caract\u00e8re parfois informel de leur activit\u00e9, \u00e0 l\u2019absence d\u2019historique dans leur relation avec les \u00e9tablissements de cr\u00e9dit, \u00e0 leur petite taille et \u00e0 leur faible organisation, elles n\u2019en demeurent pas moins importantes d\u2019un point de vue \u00e9conomique.\nC\u2019est pourquoi le FGM vise \u00e0 renforcer leur insertion dans l\u2019\u00e9conomie, \u00e0 travers un meilleur acc\u00e8s aux financements.<\/p><p>2-L\u2019insuffisance actuelle des financements bancaires destin\u00e9s aux PME :<\/p><p>Bien que leur nombre continue \u00e0 augmenter, les PME n\u2019arrivent pas \u00e0 mobiliser suffisamment de financements pour d\u00e9velopper leurs activit\u00e9s.\nLe but du Fonds est de combler cette insuffisance en apportant sa garantie aux banques.<\/p><p>3-Contribution \u00e0 la croissance \u00e9conomique et \u00e0 l\u2019inclusion financi\u00e8re :<\/p><p>En favorisant l\u2019acc\u00e8s des PME aux services financiers, le FGM contribue \u00e0 la croissance \u00e9conomique et \u00e0 l\u2019inclusion financi\u00e8re<\/p><p>4-Renforcement de la stabilit\u00e9 financi\u00e8re :<\/p><p>En favorisant l\u2019acc\u00e8s des PME aux financements, le FGM limite par ses garanties le risque de cr\u00e9dit encouru par les banques et renforce ainsi la stabilit\u00e9 du syst\u00e8me financier.<\/p><p>5-Utilisation optimale des ressources financi\u00e8res des banques :<\/p><p>Une partie des d\u00e9p\u00f4ts des banques reste oisive en raison de leur frilosit\u00e9 face aux demandes de cr\u00e9dit des PME.\nLes garanties du Fonds incitent les banques \u00e0 utiliser ces d\u00e9p\u00f4ts pour financer les PME.\nCela contribue \u00e0 une allocation optimale des ressources financi\u00e8res tout en limitant le risque encouru par les \u00e9tablissements de cr\u00e9dit.<\/p><p>6-Limitation du recours aux garanties personnelles et au cr\u00e9dit \u00e0 taux usuraire :<\/p><p>Les garanties donn\u00e9es par le Fonds limitent le recours aux s\u00fbret\u00e9s personnelles souvent exig\u00e9es par les banques des dirigeants et actionnaires des PME.\nElles incitent aussi les entrepreneurs \u00e0 se tourner vers les \u00e9tablissements de cr\u00e9dit et \u00e0 tourner le dos aux cr\u00e9dits \u00e0 taux usuraires offerts sur le march\u00e9 parall\u00e8le.\nTout cela contribue \u00e0 plus de transparence et de justice dans les transactions financi\u00e8res.<\/p>                        <\/div>\n\n                    <\/div>\n\n                <\/div><!-- .elementskit-card END -->\n\n                                        <\/div>\n    <\/div>\t\t\t\t<\/div>\n\t\t\t\t<\/div>\n\t\t\t\t<div class=\"elementor-element elementor-element-f18d2ec elementor-invisible elementor-widget elementor-widget-text-editor\" data-id=\"f18d2ec\" data-element_type=\"widget\" data-settings=\"{&quot;_animation&quot;:&quot;fadeInUp&quot;,&quot;ekit_we_effect_on&quot;:&quot;none&quot;}\" data-widget_type=\"text-editor.default\">\n\t\t\t\t<div class=\"elementor-widget-container\">\n\t\t\t\t\t\t\t\t\t<p>Ainsi, le Fonds de Garantie de la Mauritanie est une initiative strat\u00e9gique visant \u00e0 soutenir le d\u00e9veloppement des petites et moyennes entreprises tout en renfor\u00e7ant la stabilit\u00e9 et l\u2019efficacit\u00e9 du syst\u00e8me financier mauritanien.<\/p>\t\t\t\t\t\t\t\t<\/div>\n\t\t\t\t<\/div>\n\t\t\t\t<\/div>\n\t\t\t\t\t<\/div>\n\t\t\t\t<\/div>\n\t\t\t\t<\/div>","protected":false},"excerpt":{"rendered":"<p>\u0645\u0646 \u0646\u062d\u0646 \u0639\u0646 \u0627\u0644\u0635\u0646\u062f\u0648\u0642 \u062a\u0644\u0639\u0628 \u0627\u0644\u0645\u0642\u0627\u0648\u0644\u0627\u062a \u0627\u0644\u0635\u063a\u064a\u0631\u0629 \u0648\u0627\u0644\u0645\u062a\u0648\u0633\u0637\u0629\u060c \u062f\u0648\u0631\u064b\u0627 \u062d\u064a\u0648\u064a\u064b\u0627 \u0641\u064a \u0627\u0644\u0627\u0642\u062a\u0635\u0627\u062f \u0627\u0644\u0645\u0648\u0631\u064a\u062a\u0627\u0646\u064a\u060c \u062d\u064a\u062b \u062a\u0634\u0643\u0644 \u0623\u0643\u062b\u0631 \u0645\u0646 70\u066a \u0645\u0646 \u0627\u0644\u0634\u0631\u0643\u0627\u062a \u0627\u0644\u0645\u0633\u062c\u0644\u0629 \u0641\u064a \u0627\u0644\u0628\u0644\u0627\u062f. \u060c \u062a\u0644\u0639\u0628 \u0647\u0630\u0647 \u0627\u0644\u0645\u0642\u0627\u0648\u0644\u0627\u062a\u060c \u062f\u0648\u0631\u064b\u0627 \u0645\u0647\u0645\u064b\u0627 \u0641\u064a \u062a\u0648\u0641\u064a\u0631 \u0641\u0631\u0635 \u0627\u0644\u0639\u0645\u0644\u060c \u0648\u062f\u0639\u0645 \u0627\u0644\u0646\u0645\u0648 \u0627\u0644\u0627\u0642\u062a\u0635\u0627\u062f\u064a\u060c \u0643\u0645\u0627 \u062a\u0633\u0627\u0647\u0645 \u0641\u064a \u062a\u0646\u0648\u064a\u0639 \u0627\u0644\u0627\u0642\u062a\u0635\u0627\u062f \u0648\u062a\u0639\u0632\u064a\u0632 \u0627\u0633\u062a\u062f\u0627\u0645\u062a\u0647. \u0648\u0625\u0644\u0649 \u062d\u062f \u0642\u0631\u064a\u0628 \u0638\u0644 \u0627\u0644\u0648\u0635\u0648\u0644 \u0625\u0644\u0649 \u0627\u0644\u062a\u0645\u0648\u064a\u0644\u0627\u062a \u064a\u0634\u0643\u0644 \u062a\u062d\u062f\u064a \u0643\u0628\u064a\u0631 \u0644\u0644\u0645\u0642\u0627\u0648\u0644\u0627\u062a \u0627\u0644\u0635\u063a\u064a\u0631\u0629 [&hellip;]<\/p>","protected":false},"author":1,"featured_media":0,"parent":0,"menu_order":0,"comment_status":"closed","ping_status":"closed","template":"","meta":{"_eb_attr":"","footnotes":""},"class_list":["post-1034","page","type-page","status-publish","hentry"],"blocksy_meta":{"has_hero_section":"disabled","vertical_spacing_source":"custom","content_area_spacing":"none","styles_descriptor":{"styles":{"desktop":"","tablet":"","mobile":""},"google_fonts":[],"version":6}},"_links":{"self":[{"href":"https:\/\/fgm-sa.com\/fr\/wp-json\/wp\/v2\/pages\/1034","targetHints":{"allow":["GET"]}}],"collection":[{"href":"https:\/\/fgm-sa.com\/fr\/wp-json\/wp\/v2\/pages"}],"about":[{"href":"https:\/\/fgm-sa.com\/fr\/wp-json\/wp\/v2\/types\/page"}],"author":[{"embeddable":true,"href":"https:\/\/fgm-sa.com\/fr\/wp-json\/wp\/v2\/users\/1"}],"replies":[{"embeddable":true,"href":"https:\/\/fgm-sa.com\/fr\/wp-json\/wp\/v2\/comments?post=1034"}],"version-history":[{"count":81,"href":"https:\/\/fgm-sa.com\/fr\/wp-json\/wp\/v2\/pages\/1034\/revisions"}],"predecessor-version":[{"id":3771,"href":"https:\/\/fgm-sa.com\/fr\/wp-json\/wp\/v2\/pages\/1034\/revisions\/3771"}],"wp:attachment":[{"href":"https:\/\/fgm-sa.com\/fr\/wp-json\/wp\/v2\/media?parent=1034"}],"curies":[{"name":"wp","href":"https:\/\/api.w.org\/{rel}","templated":true}]}}